{"id":135,"date":"2017-01-30T15:14:45","date_gmt":"2017-01-30T13:14:45","guid":{"rendered":"http:\/\/pano.szenerien.de\/wordpress\/?page_id=135"},"modified":"2020-05-08T10:23:22","modified_gmt":"2020-05-08T08:23:22","slug":"home","status":"publish","type":"page","link":"https:\/\/pano.szenerien.de\/wordpress\/","title":{"rendered":"Home"},"content":{"rendered":"<div id=\"u70-4\" class=\"clearfix colelem\">\n<hr \/>\n<h2 style=\"padding-left: 30px; text-align: center;\"><strong>\u00a0\u00a0\u00a0\u00a0\u00a0\u00a0 Willkommen auf der Szenerien-Seite f\u00fcr Modellflug-Simulatoren!<\/strong><\/h2>\n<p style=\"padding-left: 30px;\">\n<\/div>\n<div id=\"u74-29\" class=\"clearfix colelem\" style=\"padding-left: 30px;\">\n<p id=\"u74-2\" style=\"padding-left: 30px;\">Hier finden Sie Szenerien, auch als &#8222;fotorealistische Landschaften&#8220; bezeichnet, f\u00fcr Reflex XTR, Realflight, FMS, Phoenix RC , Clear View und HELI-X.<\/p>\n<p id=\"u74-5\" style=\"padding-left: 30px;\">Alle Szenerien stehen Ihnen zum freien und kostenlosen Download zur Verf\u00fcgung.<\/p>\n<p id=\"u74-8\" style=\"padding-left: 30px;\">Wenn Ihnen die Szenerien gefallen haben, w\u00fcrde ich mich \u00fcber eine Spende von Ihnen f\u00fcr Computer-, Strom- und Serverkosten freuen. Danke!<\/p>\n<p style=\"padding-left: 30px; text-align: center;\"><style>\r\n        .wpedon-container .wpedon-select,\r\n        .wpedon-container .wpedon-input {\r\n            width: 107px;\r\n            min-width: 107px;\r\n            max-width: 107px;\r\n        }\r\n    <\/style><div class='wpedon-container wpedon-align-center'><form target='_blank' action='https:\/\/www.paypal.com\/cgi-bin\/webscr' method='post' class='wpedon-form'><input type='hidden' name='cmd' value='_donations' \/><input type='hidden' name='business' value='harald.bendschneider@gmail.com' \/><input type='hidden' name='currency_code' value='EUR' \/><input type='hidden' name='notify_url' value='https:\/\/pano.szenerien.de\/wordpress\/wp-admin\/admin-post.php?action=add_wpedon_button_ipn'><input type='hidden' name='lc' value='de_DE'><input type='hidden' name='bn' value='WPPlugin_SP'><input type='hidden' name='return' value='https:\/\/pano.szenerien.de\/wordpress\/thankyou' \/><input type='hidden' name='cancel_return' value='' \/><input class='wpedon_paypalbuttonimage' type='image' src='https:\/\/www.paypal.com\/de_DE\/DE\/i\/btn\/btn_donate_LG.gif' border='0' name='submit' alt='Make your payments with PayPal. It is free, secure, effective.' style='border: none;'><img alt='' border='0' style='border:none;display:none;' src='https:\/\/www.paypal.com\/de_DE\/i\/scr\/pixel.gif' width='1' height='1'><input type='hidden' name='amount' id='amount_7d4779e8a39c63d1e8e14004d2cb4fa4' value='' \/><input type='hidden' name='price' id='price_7d4779e8a39c63d1e8e14004d2cb4fa4' value='' \/><input type='hidden' name='item_number' value='' \/><input type='hidden' name='item_name' value='' \/><input type='hidden' name='name' value='' \/><input type='hidden' name='custom' value='139'><input type='hidden' name='no_shipping' value='1'><input type='hidden' name='no_note' value='1'><input type='hidden' name='currency_code' value='EUR'><\/form><\/div><\/p>\n<p id=\"u74-11\" style=\"padding-left: 30px;\">Bedanken m\u00f6chte ich mich bei allen, die in meist m\u00fchevoller Arbeit einige meiner Szenerien f\u00fcr andere Simulatoren konvertiert haben. Es gibt hier aber auch Umsetzungen, die ohne mein Einverst\u00e4ndnis entstanden sind und die nur entfernt an die Qualit\u00e4t der Originale heranreichen.<\/p>\n<p id=\"u74-20\" style=\"padding-left: 30px;\">Besuchen Sie auch gern meine <a class=\"nonblock\" href=\"https:\/\/sceneries.jimdofree.com\/\" target=\"_blank\" rel=\"noopener noreferrer\">&#8222;Szenerie-Werkstatt&#8220;<\/a>. Hier finden Sie viele Anregungen zur Erstellung von Szenerien.<\/p>\n<p id=\"u74-23\" style=\"padding-left: 30px;\">Wenn etwas nicht klar sein sollte, k\u00f6nnen Sie mir gern eine Mail schicken. Ich freue mich aber auch \u00fcber jede R\u00fcckmeldung von Ihnen.<\/p>\n<p id=\"u74-26\" style=\"padding-left: 30px;\">Und nun viel Spa\u00df beim Anschauen und Downloaden der Szenerien!<\/p>\n<h3>\u00a0 \u00a0 \u00a0 \u00a0 \u00a0 \u00a0 \u00a0 \u00a0 \u00a0 \u00a0 \u00a0 \u00a0 \u00a0 \u00a0 \u00a0 \u00a0 \u00a0 \u00a0 \u00a0 \u00a0 \u00a0 \u00a0 \u00a0 \u00a0 \u00a0 \u00a0 \u00a0 \u00a0 \u00a0\u00a0 \u00a0\u00a0 \u00a0\u00a0 \u00a0\u00a0<a href=\"https:\/\/pano.szenerien.de\/wordpress\/?p=202\">Eine schmale Stra\u00dfe<\/a><\/h3>\n<\/div>\n","protected":false},"excerpt":{"rendered":"<p>\u00a0\u00a0\u00a0\u00a0\u00a0\u00a0 Willkommen auf der Szenerien-Seite f\u00fcr Modellflug-Simulatoren! Hier finden Sie Szenerien, auch als &#8222;fotorealistische Landschaften&#8220; bezeichnet, f\u00fcr Reflex XTR, Realflight, FMS, Phoenix RC , Clear View und HELI-X. Alle Szenerien stehen Ihnen zum freien und kostenlosen Download zur Verf\u00fcgung. Wenn Ihnen die Szenerien gefallen haben, w\u00fcrde ich mich \u00fcber eine Spende von Ihnen f\u00fcr Computer-, &hellip; <\/p>\n<p><a class=\"more-link btn\" href=\"https:\/\/pano.szenerien.de\/wordpress\/\">Weiterlesen<\/a><\/p>\n","protected":false},"author":1,"featured_media":0,"parent":0,"menu_order":1,"comment_status":"closed","ping_status":"closed","template":"template-onecolumn.php","meta":{"footnotes":""},"class_list":["post-135","page","type-page","status-publish","hentry","nodate","item-wrap"],"_links":{"self":[{"href":"https:\/\/pano.szenerien.de\/wordpress\/wp-json\/wp\/v2\/pages\/135","targetHints":{"allow":["GET"]}}],"collection":[{"href":"https:\/\/pano.szenerien.de\/wordpress\/wp-json\/wp\/v2\/pages"}],"about":[{"href":"https:\/\/pano.szenerien.de\/wordpress\/wp-json\/wp\/v2\/types\/page"}],"author":[{"embeddable":true,"href":"https:\/\/pano.szenerien.de\/wordpress\/wp-json\/wp\/v2\/users\/1"}],"replies":[{"embeddable":true,"href":"https:\/\/pano.szenerien.de\/wordpress\/wp-json\/wp\/v2\/comments?post=135"}],"version-history":[{"count":24,"href":"https:\/\/pano.szenerien.de\/wordpress\/wp-json\/wp\/v2\/pages\/135\/revisions"}],"predecessor-version":[{"id":533,"href":"https:\/\/pano.szenerien.de\/wordpress\/wp-json\/wp\/v2\/pages\/135\/revisions\/533"}],"wp:attachment":[{"href":"https:\/\/pano.szenerien.de\/wordpress\/wp-json\/wp\/v2\/media?parent=135"}],"curies":[{"name":"wp","href":"https:\/\/api.w.org\/{rel}","templated":true}]}}